{"id":69,"date":"2020-08-10T08:56:49","date_gmt":"2020-08-10T11:56:49","guid":{"rendered":"https:\/\/demo2wpopal.b-cdn.net\/freshio\/about-us\/"},"modified":"2026-03-21T09:53:19","modified_gmt":"2026-03-21T12:53:19","slug":"sobre-nos","status":"publish","type":"page","link":"http:\/\/cooperfamiliar.com.br\/?page_id=69","title":{"rendered":"Sobre N\u00f3s"},"content":{"rendered":"\t\t<div data-elementor-type=\"wp-page\" data-elementor-id=\"69\" class=\"elementor elementor-69\" data-elementor-settings=\"[]\">\n\t\t\t\t\t\t<div class=\"elementor-inner\">\n\t\t\t\t\t\t\t<div class=\"elementor-section-wrap\">\n\t\t\t\t\t\t\t<div class=\"elementor-section elementor-top-section elementor-element elementor-element-be16679 elementor-section-stretched elementor-section-boxed elementor-section-height-default elementor-section-height-default\" data-id=\"be16679\" data-element_type=\"section\" data-settings=\"{&quot;stretch_section&quot;:&quot;section-stretched&quot;}\">\n\t\t\t\t\t\t<div class=\"elementor-container elementor-column-gap-no\">\n\t\t\t\t\t\t\t<div class=\"elementor-row\">\n\t\t\t\t\t<div class=\"elementor-column elementor-col-100 elementor-top-column elementor-element elementor-element-5695b82\" data-id=\"5695b82\" data-element_type=\"column\">\n\t\t\t<div class=\"elementor-column-wrap elementor-element-populated\">\n\t\t\t\t\t\t\t<div class=\"elementor-widget-wrap\">\n\t\t\t\t\t\t<div class=\"elementor-element elementor-element-39ae67a tertiary-font elementor-widget elementor-widget-text-editor\" data-id=\"39ae67a\" data-element_type=\"widget\" data-widget_type=\"text-editor.default\">\n\t\t\t\t<div class=\"elementor-widget-container\">\n\t\t\t\t\t<div class=\"elementor-text-editor elementor-clearfix\"><\/div>\n\t\t\t\t<\/div>\n\t\t\t\t<\/div>\n\t\t\t\t<div class=\"elementor-element elementor-element-b8d5e5a elementor-widget elementor-widget-heading\" data-id=\"b8d5e5a\" data-element_type=\"widget\" data-widget_type=\"heading.default\">\n\t\t\t\t<div class=\"elementor-widget-container\">\n\t\t\t<h2 class=\"elementor-heading-title elementor-size-default\">Cooperativa Mista dos Povos Ind\u00edgenas e Agricultores Familiares \u2013 COOPERFAMILIAR LTDA<\/h2>\t\t<\/div>\n\t\t\t\t<\/div>\n\t\t\t\t<div class=\"elementor-element elementor-element-fb91202 elementor-widget elementor-widget-text-editor\" data-id=\"fb91202\" data-element_type=\"widget\" data-widget_type=\"text-editor.default\">\n\t\t\t\t<div class=\"elementor-widget-container\">\n\t\t\t\t\t<div class=\"elementor-text-editor elementor-clearfix\"><p data-start=\"228\" data-end=\"448\">A Cooperfamiliar Ltda \u00e9 uma organiza\u00e7\u00e3o comprometida com o desenvolvimento sustent\u00e1vel, a valoriza\u00e7\u00e3o cultural e o fortalecimento econ\u00f4mico dos povos ind\u00edgenas e agricultores familiares da regi\u00e3o de Tenente Portela \u2013 RS.<\/p><p data-start=\"450\" data-end=\"864\">Fundada com base nos princ\u00edpios do cooperativismo, a Cooperfamiliar atua promovendo a uni\u00e3o, a solidariedade e a autonomia de seus cooperados, incentivando pr\u00e1ticas produtivas respons\u00e1veis, o respeito \u00e0 terra e a preserva\u00e7\u00e3o das tradi\u00e7\u00f5es culturais. A cooperativa busca integrar conhecimento ancestral e t\u00e9cnicas modernas de produ\u00e7\u00e3o, garantindo alimentos de qualidade, saud\u00e1veis e produzidos de forma sustent\u00e1vel.<\/p><p data-start=\"866\" data-end=\"1128\">Entre suas principais atividades, destacam-se a produ\u00e7\u00e3o, comercializa\u00e7\u00e3o e distribui\u00e7\u00e3o de alimentos oriundos da agricultura familiar e das comunidades ind\u00edgenas, contribuindo diretamente para a seguran\u00e7a alimentar, a gera\u00e7\u00e3o de renda e o desenvolvimento local.<\/p><p data-start=\"1130\" data-end=\"1423\">A Cooperfamiliar acredita que o fortalecimento coletivo \u00e9 o caminho para a transforma\u00e7\u00e3o social. Por isso, trabalha continuamente na capacita\u00e7\u00e3o de seus cooperados, no incentivo \u00e0 agroecologia e na constru\u00e7\u00e3o de parcerias que ampliem oportunidades e valorizem o trabalho de quem vive da terra.<\/p><p data-start=\"1425\" data-end=\"1626\">Mais do que uma cooperativa, a Cooperfamiliar \u00e9 um instrumento de inclus\u00e3o, resist\u00eancia cultural e desenvolvimento regional, promovendo dignidade, respeito e qualidade de vida para todos os envolvidos.<\/p><\/div>\n\t\t\t\t<\/div>\n\t\t\t\t<\/div>\n\t\t\t\t<div class=\"elementor-section elementor-inner-section elementor-element elementor-element-a30dd84 elementor-section-boxed elementor-section-height-default elementor-section-height-default\" data-id=\"a30dd84\" data-element_type=\"section\">\n\t\t\t\t\t\t<div class=\"elementor-container elementor-column-gap-no\">\n\t\t\t\t\t\t\t<div class=\"elementor-row\">\n\t\t\t\t\t<div class=\"elementor-column elementor-col-25 elementor-inner-column elementor-element elementor-element-c29397b\" data-id=\"c29397b\" data-element_type=\"column\">\n\t\t\t<div class=\"elementor-column-wrap elementor-element-populated\">\n\t\t\t\t\t\t\t<div class=\"elementor-widget-wrap\">\n\t\t\t\t\t\t<div class=\"elementor-element elementor-element-01a5b2c elementor-view-stacked-freshio elementor-position-left elementor-vertical-align-middle elementor-shape-circle elementor-widget elementor-widget-icon-box\" data-id=\"01a5b2c\" data-element_type=\"widget\" data-widget_type=\"icon-box.default\">\n\t\t\t\t<div class=\"elementor-widget-container\">\n\t\t\t\t\t<div class=\"elementor-icon-box-wrapper\">\n\t\t\t\t\t\t<div class=\"elementor-icon-box-icon\">\n\t\t\t\t<span class=\"elementor-icon elementor-animation-\" >\n\t\t\t\t<i aria-hidden=\"true\" class=\"freshio-icon- freshio-icon-handmade_2\"><\/i>\t\t\t\t<\/span>\n\t\t\t<\/div>\n\t\t\t\t\t\t<div class=\"elementor-icon-box-content\">\n\t\t\t\t<h3 class=\"elementor-icon-box-title\">\n\t\t\t\t\t<span >Coopera\u00e7\u00e3o<\/span>\n\t\t\t\t<\/h3>\n\t\t\t\t\t\t\t<\/div>\n\t\t<\/div>\n\t\t\t\t<\/div>\n\t\t\t\t<\/div>\n\t\t\t\t<div class=\"elementor-element elementor-element-84e8a28 elementor-view-stacked-freshio elementor-position-left elementor-vertical-align-middle elementor-shape-circle elementor-widget elementor-widget-icon-box\" data-id=\"84e8a28\" data-element_type=\"widget\" data-widget_type=\"icon-box.default\">\n\t\t\t\t<div class=\"elementor-widget-container\">\n\t\t\t\t\t<div class=\"elementor-icon-box-wrapper\">\n\t\t\t\t\t\t<div class=\"elementor-icon-box-icon\">\n\t\t\t\t<span class=\"elementor-icon elementor-animation-\" >\n\t\t\t\t<i aria-hidden=\"true\" class=\"freshio-icon- freshio-icon-natural\"><\/i>\t\t\t\t<\/span>\n\t\t\t<\/div>\n\t\t\t\t\t\t<div class=\"elementor-icon-box-content\">\n\t\t\t\t<h3 class=\"elementor-icon-box-title\">\n\t\t\t\t\t<span >Protudos org\u00e2nicos<\/span>\n\t\t\t\t<\/h3>\n\t\t\t\t\t\t\t\t<p class=\"elementor-icon-box-description\">.<\/p>\n\t\t\t\t\t\t\t<\/div>\n\t\t<\/div>\n\t\t\t\t<\/div>\n\t\t\t\t<\/div>\n\t\t\t\t<div class=\"elementor-element elementor-element-15799f2 elementor-view-stacked-freshio elementor-position-left elementor-vertical-align-middle elementor-shape-circle elementor-widget elementor-widget-icon-box\" data-id=\"15799f2\" data-element_type=\"widget\" data-widget_type=\"icon-box.default\">\n\t\t\t\t<div class=\"elementor-widget-container\">\n\t\t\t\t\t<div class=\"elementor-icon-box-wrapper\">\n\t\t\t\t\t\t<div class=\"elementor-icon-box-icon\">\n\t\t\t\t<span class=\"elementor-icon elementor-animation-\" >\n\t\t\t\t<i aria-hidden=\"true\" class=\"freshio-icon- freshio-icon-curated_2\"><\/i>\t\t\t\t<\/span>\n\t\t\t<\/div>\n\t\t\t\t\t\t<div class=\"elementor-icon-box-content\">\n\t\t\t\t<h3 class=\"elementor-icon-box-title\">\n\t\t\t\t\t<span >Desenvolvimento<\/span>\n\t\t\t\t<\/h3>\n\t\t\t\t\t\t\t\t<p class=\"elementor-icon-box-description\">.<\/p>\n\t\t\t\t\t\t\t<\/div>\n\t\t<\/div>\n\t\t\t\t<\/div>\n\t\t\t\t<\/div>\n\t\t\t\t\t\t<\/div>\n\t\t\t\t\t<\/div>\n\t\t<\/div>\n\t\t\t\t<div class=\"elementor-column elementor-col-25 elementor-inner-column elementor-element elementor-element-538cf58\" data-id=\"538cf58\" data-element_type=\"column\">\n\t\t\t<div class=\"elementor-column-wrap elementor-element-populated\">\n\t\t\t\t\t\t\t<div class=\"elementor-widget-wrap\">\n\t\t\t\t\t\t<div class=\"elementor-element elementor-element-3e09a8f elementor-widget__width-auto elementor-absolute elementor-hidden-tablet elementor-hidden-phone elementor-widget elementor-widget-image\" data-id=\"3e09a8f\" data-element_type=\"widget\" data-settings=\"{&quot;_position&quot;:&quot;absolute&quot;}\" data-widget_type=\"image.default\">\n\t\t\t\t<div class=\"elementor-widget-container\">\n\t\t\t\t\t<div class=\"elementor-image\">\n\t\t\t\t\t\t\t\t\t\t<img src=\"https:\/\/demo2wpopal.b-cdn.net\/freshio\/wp-content\/uploads\/2020\/08\/h5_quality.png\" title=\"\" alt=\"\" \/>\t\t\t\t\t\t\t\t\t\t\t<\/div>\n\t\t\t\t<\/div>\n\t\t\t\t<\/div>\n\t\t\t\t<div class=\"elementor-element elementor-element-cebd514 elementor-hidden-tablet elementor-hidden-phone elementor-widget elementor-widget-image\" data-id=\"cebd514\" data-element_type=\"widget\" data-widget_type=\"image.default\">\n\t\t\t\t<div class=\"elementor-widget-container\">\n\t\t\t\t\t<div class=\"elementor-image\">\n\t\t\t\t\t\t\t\t\t\t<img src=\"https:\/\/demo2wpopal.b-cdn.net\/freshio\/wp-content\/uploads\/2020\/08\/h5_img.jpg\" title=\"\" alt=\"\" \/>\t\t\t\t\t\t\t\t\t\t\t<\/div>\n\t\t\t\t<\/div>\n\t\t\t\t<\/div>\n\t\t\t\t\t\t<\/div>\n\t\t\t\t\t<\/div>\n\t\t<\/div>\n\t\t\t\t<div class=\"elementor-column elementor-col-50 elementor-inner-column elementor-element elementor-element-2595c7a\" data-id=\"2595c7a\" data-element_type=\"column\">\n\t\t\t<div class=\"elementor-column-wrap elementor-element-populated\">\n\t\t\t\t\t\t\t<div class=\"elementor-widget-wrap\">\n\t\t\t\t\t\t<div class=\"elementor-element elementor-element-48893b4 elementor-view-stacked-freshio elementor-position-left elementor-vertical-align-middle elementor-shape-circle elementor-widget elementor-widget-icon-box\" data-id=\"48893b4\" data-element_type=\"widget\" data-widget_type=\"icon-box.default\">\n\t\t\t\t<div class=\"elementor-widget-container\">\n\t\t\t\t\t<div class=\"elementor-icon-box-wrapper\">\n\t\t\t\t\t\t<div class=\"elementor-icon-box-icon\">\n\t\t\t\t<span class=\"elementor-icon elementor-animation-\" >\n\t\t\t\t<i aria-hidden=\"true\" class=\"freshio-icon- freshio-icon-farm\"><\/i>\t\t\t\t<\/span>\n\t\t\t<\/div>\n\t\t\t\t\t\t<div class=\"elementor-icon-box-content\">\n\t\t\t\t<h3 class=\"elementor-icon-box-title\">\n\t\t\t\t\t<span >Sustentabilidade<\/span>\n\t\t\t\t<\/h3>\n\t\t\t\t\t\t\t<\/div>\n\t\t<\/div>\n\t\t\t\t<\/div>\n\t\t\t\t<\/div>\n\t\t\t\t<div class=\"elementor-element elementor-element-e8222f0 elementor-view-stacked-freshio elementor-position-left elementor-vertical-align-middle elementor-shape-circle elementor-widget elementor-widget-icon-box\" data-id=\"e8222f0\" data-element_type=\"widget\" data-widget_type=\"icon-box.default\">\n\t\t\t\t<div class=\"elementor-widget-container\">\n\t\t\t\t\t<div class=\"elementor-icon-box-wrapper\">\n\t\t\t\t\t\t<div class=\"elementor-icon-box-icon\">\n\t\t\t\t<span class=\"elementor-icon elementor-animation-\" >\n\t\t\t\t<i aria-hidden=\"true\" class=\"freshio-icon- freshio-icon-fresh\"><\/i>\t\t\t\t<\/span>\n\t\t\t<\/div>\n\t\t\t\t\t\t<div class=\"elementor-icon-box-content\">\n\t\t\t\t<h3 class=\"elementor-icon-box-title\">\n\t\t\t\t\t<span >Agricultura<\/span>\n\t\t\t\t<\/h3>\n\t\t\t\t\t\t\t<\/div>\n\t\t<\/div>\n\t\t\t\t<\/div>\n\t\t\t\t<\/div>\n\t\t\t\t<div class=\"elementor-element elementor-element-b575f42 elementor-view-stacked-freshio elementor-position-left elementor-vertical-align-middle elementor-shape-circle elementor-widget elementor-widget-icon-box\" data-id=\"b575f42\" data-element_type=\"widget\" data-widget_type=\"icon-box.default\">\n\t\t\t\t<div class=\"elementor-widget-container\">\n\t\t\t\t\t<div class=\"elementor-icon-box-wrapper\">\n\t\t\t\t\t\t<div class=\"elementor-icon-box-icon\">\n\t\t\t\t<span class=\"elementor-icon elementor-animation-\" >\n\t\t\t\t<i aria-hidden=\"true\" class=\"freshio-icon- freshio-icon-sustainable\"><\/i>\t\t\t\t<\/span>\n\t\t\t<\/div>\n\t\t\t\t\t\t<div class=\"elementor-icon-box-content\">\n\t\t\t\t<h3 class=\"elementor-icon-box-title\">\n\t\t\t\t\t<span >Uni\u00e3o<\/span>\n\t\t\t\t<\/h3>\n\t\t\t\t\t\t\t<\/div>\n\t\t<\/div>\n\t\t\t\t<\/div>\n\t\t\t\t<\/div>\n\t\t\t\t\t\t<\/div>\n\t\t\t\t\t<\/div>\n\t\t<\/div>\n\t\t\t\t\t\t\t\t<\/div>\n\t\t\t\t\t<\/div>\n\t\t<\/div>\n\t\t\t\t\t\t<\/div>\n\t\t\t\t\t<\/div>\n\t\t<\/div>\n\t\t\t\t\t\t\t\t<\/div>\n\t\t\t\t\t<\/div>\n\t\t<\/div>\n\t\t\t\t<div class=\"elementor-section elementor-top-section elementor-element elementor-element-1aad032 elementor-section-stretched elementor-section-height-min-height elementor-section-boxed elementor-section-height-default elementor-section-items-middle\" data-id=\"1aad032\" data-element_type=\"section\" data-settings=\"{&quot;stretch_section&quot;:&quot;section-stretched&quot;,&quot;background_background&quot;:&quot;classic&quot;}\">\n\t\t\t\t\t\t<div class=\"elementor-container elementor-column-gap-no\">\n\t\t\t\t\t\t\t<div class=\"elementor-row\">\n\t\t\t\t\t<div class=\"elementor-column elementor-col-100 elementor-top-column elementor-element elementor-element-86f5d0b\" data-id=\"86f5d0b\" data-element_type=\"column\">\n\t\t\t<div class=\"elementor-column-wrap elementor-element-populated\">\n\t\t\t\t\t\t\t<div class=\"elementor-widget-wrap\">\n\t\t\t\t\t\t<div class=\"elementor-element elementor-element-08eb0f2 testimonials-style-center elementor-widget elementor-widget-freshio-testimonials\" data-id=\"08eb0f2\" data-element_type=\"widget\" data-widget_type=\"freshio-testimonials.default\">\n\t\t\t\t<div class=\"elementor-widget-container\">\n\t\t\t            <div class=\"elementor-testimonial-item-wrapper\">\n                <div class=\"row freshio-carousel\" data-settings=\"{&quot;navigation&quot;:&quot;both&quot;,&quot;autoplayHoverPause&quot;:true,&quot;autoplay&quot;:true,&quot;autoplaySpeed&quot;:5000,&quot;items&quot;:1,&quot;items_tablet&quot;:1,&quot;items_mobile&quot;:1,&quot;loop&quot;:true,&quot;rtl&quot;:false}\">\n\t\t\t\t\t                        <div class=\"column-item elementor-testimonial-item\">\n                                                            <div class=\"item-box\">\n                                                                                                                        <div class=\"elementor-testimonial-image\">\n\t\t\t\t<img width=\"800\" height=\"459\" src=\"http:\/\/cooperfamiliar.com.br\/wp-content\/uploads\/2026\/03\/cooperativa111.jpg\" class=\"attachment-full size-full\" alt=\"\" loading=\"lazy\" srcset=\"http:\/\/cooperfamiliar.com.br\/wp-content\/uploads\/2026\/03\/cooperativa111.jpg 800w, http:\/\/cooperfamiliar.com.br\/wp-content\/uploads\/2026\/03\/cooperativa111-300x172.jpg 300w, http:\/\/cooperfamiliar.com.br\/wp-content\/uploads\/2026\/03\/cooperativa111-768x441.jpg 768w\" sizes=\"(max-width: 800px) 100vw, 800px\" \/>            <\/div>\n\t\t                                                                            <div class=\"content\">\n                                            O pr\u00f3ximo grande salto evolutivo da humanidade ser\u00e1 a descoberta de que cooperar \u00e9 melhor que competir.Pietro Ubaldi                                        <\/div>\n                                                                        <div class=\"details\">\n                                        <span class=\"name\">Pietro Ubaldi - <\/span>                                        <span class=\"job\"><\/span>\n                                    <\/div>\n                                <\/div>\n                                                    <\/div>\n\t\t\t\t\t                        <div class=\"column-item elementor-testimonial-item\">\n                                                            <div class=\"item-box\">\n                                                                                                                        <div class=\"elementor-testimonial-image\">\n\t\t\t\t<img width=\"800\" height=\"459\" src=\"http:\/\/cooperfamiliar.com.br\/wp-content\/uploads\/2026\/03\/cooperativa111.jpg\" class=\"attachment-full size-full\" alt=\"\" loading=\"lazy\" srcset=\"http:\/\/cooperfamiliar.com.br\/wp-content\/uploads\/2026\/03\/cooperativa111.jpg 800w, http:\/\/cooperfamiliar.com.br\/wp-content\/uploads\/2026\/03\/cooperativa111-300x172.jpg 300w, http:\/\/cooperfamiliar.com.br\/wp-content\/uploads\/2026\/03\/cooperativa111-768x441.jpg 768w\" sizes=\"(max-width: 800px) 100vw, 800px\" \/>            <\/div>\n\t\t                                                                            <div class=\"content\">\n                                            A falta de coopera\u00e7\u00e3o \u00e9 um protesto contra a falta de consci\u00eancia e participa\u00e7\u00e3o involunt\u00e1ria no mal.                                        <\/div>\n                                                                        <div class=\"details\">\n                                        <span class=\"name\">Mahatma Gandhi - <\/span>                                        <span class=\"job\"><\/span>\n                                    <\/div>\n                                <\/div>\n                                                    <\/div>\n\t\t\t\t\t                        <div class=\"column-item elementor-testimonial-item\">\n                                                            <div class=\"item-box\">\n                                                                                                                        <div class=\"elementor-testimonial-image\">\n\t\t\t\t<img width=\"800\" height=\"459\" src=\"http:\/\/cooperfamiliar.com.br\/wp-content\/uploads\/2026\/03\/cooperativa111.jpg\" class=\"attachment-full size-full\" alt=\"\" loading=\"lazy\" srcset=\"http:\/\/cooperfamiliar.com.br\/wp-content\/uploads\/2026\/03\/cooperativa111.jpg 800w, http:\/\/cooperfamiliar.com.br\/wp-content\/uploads\/2026\/03\/cooperativa111-300x172.jpg 300w, http:\/\/cooperfamiliar.com.br\/wp-content\/uploads\/2026\/03\/cooperativa111-768x441.jpg 768w\" sizes=\"(max-width: 800px) 100vw, 800px\" \/>            <\/div>\n\t\t                                                                            <div class=\"content\">\n                                            Coopera\u00e7\u00e3o \u00e9 um ato enriquecido com sentimentos, envolto num prop\u00f3sito maior, que rompe as barreiras do EU para compor o N\u00d3S.                                        <\/div>\n                                                                        <div class=\"details\">\n                                        <span class=\"name\">Rose Burei - <\/span>                                        <span class=\"job\"><\/span>\n                                    <\/div>\n                                <\/div>\n                                                    <\/div>\n\t\t\t\t\t                <\/div>\n            <\/div>\n\t\t\t\t\t<\/div>\n\t\t\t\t<\/div>\n\t\t\t\t<div class=\"elementor-element elementor-element-44b8f59 elementor-widget__width-auto elementor-absolute elementor-hidden-phone elementor-invisible elementor-widget elementor-widget-image\" data-id=\"44b8f59\" data-element_type=\"widget\" data-settings=\"{&quot;_animation&quot;:&quot;opal-move-down&quot;,&quot;_position&quot;:&quot;absolute&quot;,&quot;motion_fx_motion_fx_scrolling&quot;:&quot;yes&quot;,&quot;motion_fx_translateY_effect&quot;:&quot;yes&quot;,&quot;motion_fx_translateY_speed&quot;:{&quot;unit&quot;:&quot;px&quot;,&quot;size&quot;:4,&quot;sizes&quot;:[]},&quot;motion_fx_translateY_affectedRange&quot;:{&quot;unit&quot;:&quot;%&quot;,&quot;size&quot;:&quot;&quot;,&quot;sizes&quot;:{&quot;start&quot;:0,&quot;end&quot;:100}},&quot;motion_fx_devices&quot;:[&quot;desktop&quot;,&quot;tablet&quot;,&quot;mobile&quot;]}\" data-widget_type=\"image.default\">\n\t\t\t\t<div class=\"elementor-widget-container\">\n\t\t\t\t\t<div class=\"elementor-image\">\n\t\t\t\t\t\t\t\t\t\t<img src=\"https:\/\/demo2wpopal.b-cdn.net\/freshio\/wp-content\/uploads\/2020\/08\/h3_leaf-4.png\" title=\"\" alt=\"\" \/>\t\t\t\t\t\t\t\t\t\t\t<\/div>\n\t\t\t\t<\/div>\n\t\t\t\t<\/div>\n\t\t\t\t<div class=\"elementor-element elementor-element-149c5cb elementor-widget__width-auto elementor-absolute elementor-hidden-phone elementor-invisible elementor-widget elementor-widget-image\" data-id=\"149c5cb\" data-element_type=\"widget\" data-settings=\"{&quot;_position&quot;:&quot;absolute&quot;,&quot;motion_fx_motion_fx_scrolling&quot;:&quot;yes&quot;,&quot;motion_fx_translateY_effect&quot;:&quot;yes&quot;,&quot;_animation&quot;:&quot;opal-move-down&quot;,&quot;_animation_delay&quot;:350,&quot;motion_fx_translateY_speed&quot;:{&quot;unit&quot;:&quot;px&quot;,&quot;size&quot;:4,&quot;sizes&quot;:[]},&quot;motion_fx_translateY_affectedRange&quot;:{&quot;unit&quot;:&quot;%&quot;,&quot;size&quot;:&quot;&quot;,&quot;sizes&quot;:{&quot;start&quot;:0,&quot;end&quot;:100}},&quot;motion_fx_devices&quot;:[&quot;desktop&quot;,&quot;tablet&quot;,&quot;mobile&quot;]}\" data-widget_type=\"image.default\">\n\t\t\t\t<div class=\"elementor-widget-container\">\n\t\t\t\t\t<div class=\"elementor-image\">\n\t\t\t\t\t\t\t\t\t\t<img src=\"https:\/\/demo2wpopal.b-cdn.net\/freshio\/wp-content\/uploads\/2020\/08\/h3_leaf-2.png\" title=\"\" alt=\"\" \/>\t\t\t\t\t\t\t\t\t\t\t<\/div>\n\t\t\t\t<\/div>\n\t\t\t\t<\/div>\n\t\t\t\t<div class=\"elementor-element elementor-element-efa36b7 elementor-widget__width-auto elementor-absolute elementor-hidden-phone elementor-invisible elementor-widget elementor-widget-image\" data-id=\"efa36b7\" data-element_type=\"widget\" data-settings=\"{&quot;_position&quot;:&quot;absolute&quot;,&quot;motion_fx_motion_fx_scrolling&quot;:&quot;yes&quot;,&quot;motion_fx_translateY_effect&quot;:&quot;yes&quot;,&quot;_animation&quot;:&quot;opal-move-down&quot;,&quot;_animation_delay&quot;:200,&quot;motion_fx_translateY_speed&quot;:{&quot;unit&quot;:&quot;px&quot;,&quot;size&quot;:4,&quot;sizes&quot;:[]},&quot;motion_fx_translateY_affectedRange&quot;:{&quot;unit&quot;:&quot;%&quot;,&quot;size&quot;:&quot;&quot;,&quot;sizes&quot;:{&quot;start&quot;:0,&quot;end&quot;:100}},&quot;motion_fx_devices&quot;:[&quot;desktop&quot;,&quot;tablet&quot;,&quot;mobile&quot;]}\" data-widget_type=\"image.default\">\n\t\t\t\t<div class=\"elementor-widget-container\">\n\t\t\t\t\t<div class=\"elementor-image\">\n\t\t\t\t\t\t\t\t\t\t<img src=\"https:\/\/demo2wpopal.b-cdn.net\/freshio\/wp-content\/uploads\/2020\/08\/h3_leaf-1.png\" title=\"\" alt=\"\" \/>\t\t\t\t\t\t\t\t\t\t\t<\/div>\n\t\t\t\t<\/div>\n\t\t\t\t<\/div>\n\t\t\t\t\t\t<\/div>\n\t\t\t\t\t<\/div>\n\t\t<\/div>\n\t\t\t\t\t\t\t\t<\/div>\n\t\t\t\t\t<\/div>\n\t\t<\/div>\n\t\t\t\t\t\t<\/div>\n\t\t\t\t\t\t<\/div>\n\t\t\t\t\t<\/div>\n\t\t","protected":false},"excerpt":{"rendered":"<p>Cooperativa Mista dos Povos Ind\u00edgenas e Agricultores Familiares \u2013 COOPERFAMILIAR LTDA A Cooperfamiliar Ltda \u00e9 uma organiza\u00e7\u00e3o comprometida com o desenvolvimento sustent\u00e1vel, a valoriza\u00e7\u00e3o cultural e o fortalecimento econ\u00f4mico dos povos ind\u00edgenas e agricultores familiares da regi\u00e3o de Tenente Portela \u2013 RS. Fundada com base nos princ\u00edpios do cooperativismo, a Cooperfamiliar atua promovendo a uni\u00e3o, [&hellip;]<\/p>\n","protected":false},"author":1,"featured_media":0,"parent":0,"menu_order":0,"comment_status":"closed","ping_status":"closed","template":"","meta":[],"_links":{"self":[{"href":"http:\/\/cooperfamiliar.com.br\/index.php?rest_route=\/wp\/v2\/pages\/69"}],"collection":[{"href":"http:\/\/cooperfamiliar.com.br\/index.php?rest_route=\/wp\/v2\/pages"}],"about":[{"href":"http:\/\/cooperfamiliar.com.br\/index.php?rest_route=\/wp\/v2\/types\/page"}],"author":[{"embeddable":true,"href":"http:\/\/cooperfamiliar.com.br\/index.php?rest_route=\/wp\/v2\/users\/1"}],"replies":[{"embeddable":true,"href":"http:\/\/cooperfamiliar.com.br\/index.php?rest_route=%2Fwp%2Fv2%2Fcomments&post=69"}],"version-history":[{"count":22,"href":"http:\/\/cooperfamiliar.com.br\/index.php?rest_route=\/wp\/v2\/pages\/69\/revisions"}],"predecessor-version":[{"id":2670,"href":"http:\/\/cooperfamiliar.com.br\/index.php?rest_route=\/wp\/v2\/pages\/69\/revisions\/2670"}],"wp:attachment":[{"href":"http:\/\/cooperfamiliar.com.br\/index.php?rest_route=%2Fwp%2Fv2%2Fmedia&parent=69"}],"curies":[{"name":"wp","href":"https:\/\/api.w.org\/{rel}","templated":true}]}}